{"id":5174,"date":"2024-05-23T15:04:09","date_gmt":"2024-05-23T15:04:09","guid":{"rendered":"https:\/\/tasarim.sitegrafi.com\/zbs\/?page_id=5174"},"modified":"2024-05-23T15:14:07","modified_gmt":"2024-05-23T15:14:07","slug":"mb-1-sarjli-tasinabilir-alan-aydinlatma-armaturu","status":"publish","type":"page","link":"https:\/\/www.zbselektronik.com.tr\/en\/mb-1-sarjli-tasinabilir-alan-aydinlatma-armaturu\/","title":{"rendered":"MB 1 \u015eARJLI TA\u015eINAB\u0130L\u0130R"},"content":{"rendered":"\n<h4 class=\"wp-block-heading\">ALAN AYDINLATMA ARMAT\u00dcR\u00dc<\/h4>\n\n\n<a href=\"https:\/\/www.zbselektronik.com.tr\/en\/wp-content\/uploads\/2024\/05\/zbsmb1_2404tr.pdf\" class=\"pdfemb-viewer\" style=\"\" data-width=\"max\" data-height=\"max\" data-toolbar=\"bottom\" data-toolbar-fixed=\"on\">zbsmb1_2404tr<\/a>\n\n\n<h4 class=\"wp-block-heading\">MB 1 \u015eARJLI TA\u015eINAB\u0130L\u0130R<\/h4>\n\n\n<a href=\"https:\/\/www.zbselektronik.com.tr\/en\/wp-content\/uploads\/2024\/05\/zbsa5brosur_2.pdf\" class=\"pdfemb-viewer\" style=\"\" data-width=\"max\" data-height=\"max\" data-toolbar=\"bottom\" data-toolbar-fixed=\"on\">zbsa5brosur_2<\/a>\n\n\n<h4 class=\"wp-block-heading\">ALAN AYDINLATMA ARMATURU ENG<\/h4>\n\n\n<a href=\"https:\/\/www.zbselektronik.com.tr\/en\/wp-content\/uploads\/2024\/05\/zbsmb1_2404eng.pdf\" class=\"pdfemb-viewer\" style=\"\" data-width=\"max\" data-height=\"max\" data-toolbar=\"bottom\" data-toolbar-fixed=\"on\">zbsmb1_2404eng<\/a>","protected":false},"excerpt":{"rendered":"<p>ALAN AYDINLATMA ARMAT\u00dcR\u00dc MB 1 \u015eARJLI TA\u015eINAB\u0130L\u0130R ALAN AYDINLATMA ARMATURU ENG<\/p>\n","protected":false},"author":1,"featured_media":0,"parent":0,"menu_order":0,"comment_status":"closed","ping_status":"closed","template":"","meta":{"site-sidebar-layout":"default","site-content-layout":"","ast-site-content-layout":"default","site-content-style":"default","site-sidebar-style":"default","ast-global-header-display":"","ast-banner-title-visibility":"","ast-main-header-display":"","ast-hfb-above-header-display":"","ast-hfb-below-header-display":"","ast-hfb-mobile-header-display":"","site-post-title":"","ast-breadcrumbs-content":"","ast-featured-img":"","footer-sml-layout":"","ast-disable-related-posts":"","theme-transparent-header-meta":"","adv-header-id-meta":"","stick-header-meta":"","header-above-stick-meta":"","header-main-stick-meta":"","header-below-stick-meta":"","astra-migrate-meta-layouts":"set","ast-page-background-enabled":"default","ast-page-background-meta":{"desktop":{"background-color":"","background-image":"","background-repeat":"repeat","background-position":"center center","background-size":"auto","background-attachment":"scroll","background-type":"","background-media":"","overlay-type":"","overlay-color":"","overlay-opacity":"","overlay-gradient":""},"tablet":{"background-color":"","background-image":"","background-repeat":"repeat","background-position":"center center","background-size":"auto","background-attachment":"scroll","background-type":"","background-media":"","overlay-type":"","overlay-color":"","overlay-opacity":"","overlay-gradient":""},"mobile":{"background-color":"","background-image":"","background-repeat":"repeat","background-position":"center center","background-size":"auto","background-attachment":"scroll","background-type":"","background-media":"","overlay-type":"","overlay-color":"","overlay-opacity":"","overlay-gradient":""}},"ast-content-background-meta":{"desktop":{"background-color":"var(--ast-global-color-5)","background-image":"","background-repeat":"repeat","background-position":"center center","background-size":"auto","background-attachment":"scroll","background-type":"","background-media":"","overlay-type":"","overlay-color":"","overlay-opacity":"","overlay-gradient":""},"tablet":{"background-color":"var(--ast-global-color-5)","background-image":"","background-repeat":"repeat","background-position":"center center","background-size":"auto","background-attachment":"scroll","background-type":"","background-media":"","overlay-type":"","overlay-color":"","overlay-opacity":"","overlay-gradient":""},"mobile":{"background-color":"var(--ast-global-color-5)","background-image":"","background-repeat":"repeat","background-position":"center center","background-size":"auto","background-attachment":"scroll","background-type":"","background-media":"","overlay-type":"","overlay-color":"","overlay-opacity":"","overlay-gradient":""}},"footnotes":""},"class_list":["post-5174","page","type-page","status-publish","hentry"],"_links":{"self":[{"href":"https:\/\/www.zbselektronik.com.tr\/en\/wp-json\/wp\/v2\/pages\/5174","targetHints":{"allow":["GET"]}}],"collection":[{"href":"https:\/\/www.zbselektronik.com.tr\/en\/wp-json\/wp\/v2\/pages"}],"about":[{"href":"https:\/\/www.zbselektronik.com.tr\/en\/wp-json\/wp\/v2\/types\/page"}],"author":[{"embeddable":true,"href":"https:\/\/www.zbselektronik.com.tr\/en\/wp-json\/wp\/v2\/users\/1"}],"replies":[{"embeddable":true,"href":"https:\/\/www.zbselektronik.com.tr\/en\/wp-json\/wp\/v2\/comments?post=5174"}],"version-history":[{"count":3,"href":"https:\/\/www.zbselektronik.com.tr\/en\/wp-json\/wp\/v2\/pages\/5174\/revisions"}],"predecessor-version":[{"id":5183,"href":"https:\/\/www.zbselektronik.com.tr\/en\/wp-json\/wp\/v2\/pages\/5174\/revisions\/5183"}],"wp:attachment":[{"href":"https:\/\/www.zbselektronik.com.tr\/en\/wp-json\/wp\/v2\/media?parent=5174"}],"curies":[{"name":"wp","href":"https:\/\/api.w.org\/{rel}","templated":true}]}}